{"id":119,"date":"2009-10-07T23:40:41","date_gmt":"2009-10-07T21:40:41","guid":{"rendered":"http:\/\/www.kkp.wieprz.eu\/?page_id=119"},"modified":"2017-03-19T21:20:58","modified_gmt":"2017-03-19T19:20:58","slug":"historia","status":"publish","type":"page","link":"http:\/\/www.kkp.wieprz.eu\/?page_id=119","title":{"rendered":"Historia"},"content":{"rendered":"<p class=\"MsoNormal\" style=\"text-align: justify;\"><em><strong>HISTORIA KKP<\/strong><\/em><\/p>\n<p class=\"MsoNormal\" style=\"text-align: justify;\"><img loading=\"lazy\" class=\"alignleft\" title=\"History\" src=\"http:\/\/lh3.ggpht.com\/_XM8MqgvtaOU\/SwSLAMWeBFI\/AAAAAAAABAg\/WB-nXJ0V2Tg\/Flagakkp.jpg\" alt=\"\" width=\"111\" height=\"144\" \/>Klub Kulinarnego Podr\u00f3\u017cnika powsta\u0142 w zimowe pi\u0105tkowe popo\u0142udnie roku 2007 gdy okaza\u0142o si\u0119 \u017ce w Gminie Wieprz mieszka ca\u0142kiem sporo ludzi uzale\u017cnionych od podr\u00f3\u017cy. Pomys\u0142 kt\u00f3ry zainspirowa\u0142 organizatora pochodzi\u0142 od znajomej Lucyny, kt\u00f3ra po prelekcji podr\u00f3\u017cniczej w s\u0105siednim mie\u015bcie Andrychowie, stwierdzi\u0142a \u017ce my mieszka\u0144cy Gminy Wieprz te\u017c mo\u017cemy mie\u0107 taki klub.<\/p>\n<p class=\"MsoNormal\" style=\"text-align: justify;\">Poniewa\u017c jeden z organizator by\u0142 wielkim smakoszem dobrego jedzenia, stworzono unikaln\u0105 formu\u0142\u0119 klubu \u2013 KLUB KULINARNEGO PODR\u00d3ZNIKA czyli mieli\u015bmy m\u00f3wi\u0107 nie tylko o podr\u00f3\u017cach ale tak\u017ce pr\u00f3bowa\u0107 egzotycznego jedzenia. Pomys\u0142 przyj\u0105\u0142 si\u0119, a na spotkania zacz\u0119\u0142y przychodzi\u0107 dziesi\u0105tki ludzi.<\/p>\n<p class=\"MsoNormal\" style=\"text-align: justify;\">Rekordem by\u0142a prelekcja o Mount Everest i Grenlandii gdy na spotkanie przyby\u0142o 130 os\u00f3b. Z biegiem czasu zmodyfikowano sal\u0119 spotka\u0144 klubu by pomie\u015bci\u0142a wi\u0119ksz\u0105 ilo\u015b\u0107 uczestnik\u00f3w.Na \u015bcianie pomieszczenia rozklejono olbrzymi\u0105 map\u0119 \u015bwiata, kt\u00f3ra zosta\u0142a zaznaczona ma\u0142ymi karteczkami \u2013 oznaczeniami poszczeg\u00f3lnych prelekcji. Obecnie mapa zape\u0142ni\u0142a si\u0119 datami prelekcji z ponad 120 miejsc na \u015bwiecie, od Nowej Zelandii przez Sri Lank\u0119a\u017c\u00a0 po Grenlandi\u0119, od Chile przez\u00a0 Etiopi\u0119 a\u017c po Hawaje.<\/p>\n<p class=\"MsoNormal\" style=\"text-align: justify;\"><em><strong>IDEA<\/strong><\/em><\/p>\n<p class=\"MsoNormal\" style=\"text-align: justify;\">G\u0142\u00f3wnym pomys\u0142em powstania klubu by\u0142a aktywizacja spo\u0142eczna i kulturalna lokalnej spo\u0142eczno\u015bci. W ramach realizowanego projektu unijnego EQUAL na terenie gminy, wiele os\u00f3b zainteresowa\u0142o si\u0119 III sektorem i dzia\u0142alno\u015bci\u0105 w organizacjach pozarz\u0105dowych. W wypadku Gminy Wieprz by\u0142o to Stowarzyszenie Pomocy Bezrobotnym i Ich Rodzinom \u201eNadzieja\u201d, kt\u00f3re w swoim statucie tak\u017ce zak\u0142ada\u0142o dzia\u0142ania kulturalno &#8211; o\u015bwiatowe po\u015br\u00f3d lokalnej spo\u0142eczno\u015bci. Stowarzyszenie do kt\u00f3rego nale\u017c\u0105 wszyscy organizatorzy, udost\u0119pnia swoje pomieszczenie, naczynia, rzutnik, komputer a nawet ekspres do kawy na potrzeby klubu.<\/p>\n<p class=\"MsoNormal\" style=\"text-align: justify;\">Przy przekazywaniu wiedzy o \u015bwiecie poprzez pryzmat podr\u00f3\u017cy mo\u017cna sporo nauczy\u0107 si\u0119. Metody stosowane w klubie wi\u0105\u017c\u0105 si\u0119 z technik\u0105 \u201enonformal learning\u201d co oznacza nieformalne metody nauczania. Obecnie du\u017c\u0105 cz\u0119\u015b\u0107 m\u0142odzie\u017cy jest znudzona czy wr\u0119cz uczulona na podr\u0119cznikowe metody nauczania. Dzi\u0119ki atrakcyjnej formie prelekcji, organizatorom udaje si\u0119 przekaza\u0107 klubowiczom wiele wiedzy o \u015bwiecie.<\/p>\n<p class=\"MsoNormal\" style=\"text-align: justify;\"><em><strong>KTO, GDZIE, KIEDY<\/strong><\/em><\/p>\n<p class=\"MsoNormal\" style=\"text-align: justify;\">Woluntariusze prelegenci wykonuj\u0105 swoje prelekcje za darmo. Za ich po\u015bwi\u0119cenie otrzymuj\u0105 gromkie brawa, dodatkow\u0105 porcj\u0119 jedzenia <span style=\"font-family: Wingdings;\">\ud83d\ude42<\/span>\u00a0a tak\u017ce firmow\u0105 koszulk\u0119 klubu z oryginalnym logiem: globusem wraz ze sztu\u0107cami lub inn\u0105 grafik\u0105, kt\u00f3r\u0105 staramy si\u0119 zmienia\u0107 co pewien czas \ud83d\ude42<\/p>\n<p class=\"MsoNormal\" style=\"text-align: justify;\">Klubowicze spotykaj\u0105 si\u0119 na co miesi\u0119cznych spotkaniach organizowanych zwykle o godzinie 19:00 w drugi pi\u0105tek miesi\u0105ca. Zdarzaj\u0105 si\u0119 wyj\u0105tki organizowania spotka\u0144 w innych terminach. Siedzib\u0105 klubu kiedy\u015b by\u0142\u00a0dawny budynek o\u015brodku zdrowia, obecnie spotkania klubu odbywaj\u0105 si\u0119 w budynku GBP (dawna &#8220;<em>agronom\u00f3wka&#8221;<\/em>). Szczeg\u00f3\u0142owy plan dojazdu mo\u017cna znale\u017a\u0107 w sekcji <a href=\"http:\/\/www.kkp.wieprz.eu\/?page_id=689\">Dojazd<\/a>.<br \/>\nKontakt z organizatorem: Gminny O\u015brodek Kultury w Wieprzu, Seweryn Ga\u0142ysz 33-8755216<\/p>\n<p class=\"MsoNormal\" style=\"text-align: justify;\"><em><strong>SPONSORZY<\/strong><\/em><\/p>\n<p class=\"MsoNormal\" style=\"text-align: justify;\">W dzisiejszych czasach trudno jest znale\u017a\u0107 partnera kt\u00f3ry systematycznym wk\u0142adem finansowym zagwarantuje ci\u0105g\u0142o\u015b\u0107 funkcjonowania klubu. W przypadku KKP mamy renomowane instytucje, na kt\u00f3rych czele stoj\u0105 ludzie \u00a0widz\u0105cy sens inwestowania w rozw\u00f3j spo\u0142eczny i kulturalny naszej ma\u0142ej spo\u0142eczno\u015bci.<\/p>\n<p class=\"MsoNormal\" style=\"text-align: justify;\">Najwi\u0119ksze wsparcie uzyskali\u015bmy od naszego pierwszego i sta\u0142ego sponsora Banku Sp\u00f3\u0142dzielczego w Andrychowie. Pani Prezes Ma\u0142gorzata Matusiak od pocz\u0105tku by\u0142a zainteresowana pomoc\u0105 w organizowaniu lokalnych projekt\u00f3w, a wsparcie finansowe okaza\u0142o si\u0119 niezb\u0119dne dla dzia\u0142alno\u015bci klubu.<\/p>\n<p class=\"MsoNormal\" style=\"text-align: justify;\">Dzi\u0119ki sponsorom, nasza spo\u0142eczno\u015b\u0107 ma niezwykle ciekawe prelekcje z najbardziej odleg\u0142ych miejsc \u015bwiata. Dzi\u0119kujemy za wasz wk\u0142ad!<\/p>\n<p class=\"MsoNormal\" style=\"text-align: justify;\"><em><strong>PRELEGENCI<\/strong><\/em><\/p>\n<p class=\"MsoNormal\" style=\"text-align: justify;\">Prelegenci to niezwykli ludzie kt\u00f3rzy recept\u0119 na \u017cycie znale\u017ali w podr\u00f3\u017cach. Za prelekcje nie pobieraj\u0105 op\u0142at a przyje\u017cd\u017caj\u0105 do nas z Warszawy, Katowic, Krakowa, \u0141odzi, Wroc\u0142awia, s\u0142owem ca\u0142ej Polski.Cieszymy si\u0119, \u017ce s\u0105 oni z nami i z ch\u0119ci\u0105 dziel\u0105 si\u0119 pi\u0119knymi zdj\u0119ciami, historiami i swoim do\u015bwiadczeniem.<br \/>\nDzi\u0119kujemy wam!<\/p>\n<p class=\"MsoNormal\" style=\"text-align: justify;\"><em><strong>ZAKRES ODDZIA\u0141YWANIA<\/strong><\/em><\/p>\n<p class=\"MsoNormal\" style=\"text-align: justify;\">Grupa uczestnik\u00f3w spotka\u0144 klub mie\u015bci si\u0119 w przedziale 0,3 lata (najm\u0142odszy uczestnik klubu, kt\u00f3ry na szcz\u0119\u015bcie zachowywa\u0142 si\u0119 godnie czyli bardzo cicho) do oko\u0142o 90 lat (starsze osoby kr\u0119puj\u0105 si\u0119 przed dok\u0142adnym podawaniem dat urodzenia \u2013 zreszt\u0105 to i tak przecie\u017c bez r\u00f3\u017cnicy<span style=\"font-family: Wingdings;\">\ud83d\ude42\u00a0<\/span>)<\/p>\n<p class=\"MsoNormal\" style=\"text-align: justify;\">Na spotkania przeci\u0119tnie przychodzi oko\u0142o 50-60 os\u00f3b w tym oko\u0142o 35 os\u00f3b z m\u0142odzie\u017cy szkolnej. Pomys\u0142 klubu okaza\u0142 si\u0119 tak interesuj\u0105cy, \u017ce obecnie dzia\u0142amy ju\u017c ponad 10 lat.\u00a0Co wi\u0119cej organizatorzy i prelegenci s\u0105 przekonani, \u017ce idea nieformalnych metod nauczania i zainteresowanie m\u0142odzie\u017cy spotkaniami jest bezcenn\u0105 form\u0105 oddzia\u0142ywania i kszta\u0142cenia ich w \u015bwiecie wype\u0142nionym telenowelami, grami komputerowymi i portalami spo\u0142eczno\u015bciowymi.<\/p>\n<p class=\"MsoNormal\" style=\"text-align: justify;\">Mamy nadziej\u0119 \u017ce idea klubu stanie si\u0119 inicjatyw\u0105 og\u00f3lnokrajow\u0105. Wsz\u0119dzie przecie\u017c mo\u017cna znale\u017a\u0107 podr\u00f3\u017cnik\u00f3w, kt\u00f3rzy chc\u0105 zrobi\u0107 co\u015b dobrego dla lokalnej spo\u0142eczno\u015bci i sponsor\u00f3w, kt\u00f3rzy pomog\u0105 zrealizowa\u0107 marzenie. Zasada \u201ePodr\u00f3\u017ce kszta\u0142c\u0105\u201d zawsze pozostanie aktualna. Po\u015br\u00f3d uczestnik\u00f3w klubu zauwa\u017cono zwi\u0119kszone zainteresowanie czytelnictwem ksi\u0105\u017cek podr\u00f3\u017cniczych, geograficznych i historycznych wypo\u017cyczanych w lokalnej bibliotece.<\/p>\n<p class=\"MsoNormal\" style=\"text-align: justify;\">Tak\u017ce w lokalnych szko\u0142ach wzros\u0142o zainteresowanie geografi\u0105, histori\u0105, j\u0119zykami obcymi. Inn\u0105 interesuj\u0105c\u0105 interakcj\u0105 jest przyswojenie sobie zasad zdrowego od\u017cywiania si\u0119. Nowe nieznane dotychczas ro\u015bliny i przyprawy na trwa\u0142e zago\u015bci\u0142y w lokalnych jad\u0142ospisach niekt\u00f3rych uczestnik\u00f3w prelekcji. Bak\u0142a\u017cany, seler naciowy, kolendra i nowe przyprawy jak, masala, kmin rzymski, sos wasabi czy vegimite to ju\u017c nie egzotyczne nazwy z ko\u0144ca \u015bwiata a smaczne produkty do jedzenia.<\/p>\n<p class=\"MsoNormal\" style=\"text-align: justify;\"><a href=\"mailto:sewgal@op.pl\">Seweryn Ga\u0142ysz za\u0142o\u017cyciel KKP<\/a><\/p>\n","protected":false},"excerpt":{"rendered":"<p>HISTORIA KKP Klub Kulinarnego Podr\u00f3\u017cnika powsta\u0142 w zimowe pi\u0105tkowe popo\u0142udnie roku 2007 gdy okaza\u0142o si\u0119 \u017ce w Gminie Wieprz mieszka ca\u0142kiem sporo ludzi uzale\u017cnionych od podr\u00f3\u017cy. Pomys\u0142 kt\u00f3ry zainspirowa\u0142 organizatora pochodzi\u0142 od znajomej Lucyny, kt\u00f3ra po prelekcji podr\u00f3\u017cniczej w s\u0105siednim mie\u015bcie Andrychowie, stwierdzi\u0142a \u017ce my mieszka\u0144cy Gminy Wieprz te\u017c mo\u017cemy mie\u0107 taki klub. Poniewa\u017c jeden &hellip;<\/p>\n","protected":false},"author":1,"featured_media":0,"parent":0,"menu_order":0,"comment_status":"closed","ping_status":"closed","template":"","meta":{"_links_to":"","_links_to_target":""},"_links":{"self":[{"href":"http:\/\/www.kkp.wieprz.eu\/index.php?rest_route=\/wp\/v2\/pages\/119"}],"collection":[{"href":"http:\/\/www.kkp.wieprz.eu\/index.php?rest_route=\/wp\/v2\/pages"}],"about":[{"href":"http:\/\/www.kkp.wieprz.eu\/index.php?rest_route=\/wp\/v2\/types\/page"}],"author":[{"embeddable":true,"href":"http:\/\/www.kkp.wieprz.eu\/index.php?rest_route=\/wp\/v2\/users\/1"}],"replies":[{"embeddable":true,"href":"http:\/\/www.kkp.wieprz.eu\/index.php?rest_route=%2Fwp%2Fv2%2Fcomments&post=119"}],"version-history":[{"count":10,"href":"http:\/\/www.kkp.wieprz.eu\/index.php?rest_route=\/wp\/v2\/pages\/119\/revisions"}],"predecessor-version":[{"id":1242,"href":"http:\/\/www.kkp.wieprz.eu\/index.php?rest_route=\/wp\/v2\/pages\/119\/revisions\/1242"}],"wp:attachment":[{"href":"http:\/\/www.kkp.wieprz.eu\/index.php?rest_route=%2Fwp%2Fv2%2Fmedia&parent=119"}],"curies":[{"name":"wp","href":"https:\/\/api.w.org\/{rel}","templated":true}]}}