{"id":194,"date":"2009-10-08T23:14:23","date_gmt":"2009-10-08T21:14:23","guid":{"rendered":"http:\/\/www.kkp.wieprz.eu\/?page_id=194"},"modified":"2019-10-28T23:04:38","modified_gmt":"2019-10-28T21:04:38","slug":"wyprawy","status":"publish","type":"page","link":"http:\/\/www.kkp.wieprz.eu\/?page_id=194","title":{"rendered":"Wyprawy"},"content":{"rendered":"<p style=\"text-align: justify;\">KKP organizuje wyprawy bliskie i dalekie Oraz wycieczki na \u015bwi\u0119ta wina od pocz\u0105tku swego istnienia.<\/p>\n<p style=\"text-align: justify;\">Na wyjazdy mo\u017ce jecha\u0107 w\u0142a\u015bciwie ka\u017cdy ale s\u0105 grupy uprzywilejowane, kt\u00f3re maj\u0105 pierwsze\u0144stwo:<\/p>\n<p style=\"text-align: justify;\">1. Prelegenci KKP z bie\u017c\u0105cego roku wraz z osob\u0105 towarzysz\u0105c\u0105.<\/p>\n<p style=\"text-align: justify;\">2. Prelegenci KKP z lat poprzednich wraz z osob\u0105 towarzysz\u0105c\u0105.<\/p>\n<p style=\"text-align: justify;\">3. Osoby kt\u00f3re szczeg\u00f3lnie si\u0119 zas\u0142u\u017cy\u0142y dla KKP lub dzia\u0142alno\u015bci kulturalnej w gminie.<\/p>\n<p style=\"text-align: justify;\">4. Uczestnicy wielu dzia\u0142a\u0144 kulturalnych organizowanych przez GOK lub Stow. NADZIEJA.<\/p>\n<p style=\"text-align: justify;\">5. Klubowicze \u2013 uczestnicy spotka\u0144 KKP<\/p>\n<p style=\"text-align: justify;\">6. Mieszka\u0144cy Gminy Wieprz<\/p>\n<p style=\"text-align: justify;\">7. Pozostali<\/p>\n<p><em>WYPRAWY KRAJOWE:<\/em><\/p>\n<ul>\n<li>2008 G\u00d3RY STO\u0141OWE<\/li>\n<li>2009 TATRY<\/li>\n<li>2010 S\u0141OWACKI RAJ<\/li>\n<li>2011 ROZTOCZE<\/li>\n<li>2012 BIESZCZADY<\/li>\n<li>2013 WIELKOPOLSKA &#8211; LUBUSKIE<\/li>\n<li>2014 PODLASIE<\/li>\n<li>2015 ZACHODNIOPOMORSKIE<\/li>\n<li>2016 WARMIA I MAZURY<\/li>\n<li>2017 ZACHODNI DOLNY \u015aL\u0104SK<\/li>\n<li>2018\u00a0KUJAWSKO \u2013 POMORSKIE<\/li>\n<li>2019 LUBELSKIE<\/li>\n<li>2020 PODKARPACIE \u2013 S\u0141OWACJA<\/li>\n<\/ul>\n<p><em>WYPRAWY ZAGRANICZNE:<\/em><\/p>\n<ul>\n<li>2009 ISLANDIA<\/li>\n<li>2010 MALTA<\/li>\n<li>2011 NORDKAPP \u2013 LOFOTY<\/li>\n<li>2012 CYPR<\/li>\n<li>2013 STAVANGER &#8211; BERGEN<\/li>\n<li>2014 PUGLIA \u2013 W\u0141OCHY<\/li>\n<li>2015 EINDHOVEN<\/li>\n<li>2015 HAMBURG<\/li>\n<li>2015 NAMIBIA \u2013 BOTSWANA<\/li>\n<li>2016 KOPENHAGA<\/li>\n<li>2017 ARGENTYNA<\/li>\n<li>2017 MAASTRICHT<\/li>\n<li>2018 LOURDES &#8211; KRAJ BASK\u00d3W<\/li>\n<li>2018 PORTO &#8211; SANTIAGO DE COMPOSTELA<\/li>\n<li>2019 KIJ\u00d3W \u2013 CZERNOBYL<\/li>\n<\/ul>\n<p><em>WYCIECZKI NA \u015aWI\u0118TA WINA (TYLKO PE\u0141NOLETNI):<\/em><\/p>\n<ul>\n<li>2007 EGER<\/li>\n<li>2008 TOKAJ<\/li>\n<li>2009 BADATSONY<\/li>\n<li>2010 TOKAJ<\/li>\n<li>2011 DEPUTYPRAS \u2013 TAPOLCA<\/li>\n<li>2011 VILLANY<\/li>\n<li>2012 KOSZEG<\/li>\n<li>2013 MOR<\/li>\n<li>2014 SZEKSZARD<\/li>\n<li>2015 SZIGLIGET<\/li>\n<li>2016 SOMLO<\/li>\n<li>2016 BALATONFURED<\/li>\n<li>2017 SOMLO<\/li>\n<li>2017 VILLANY<\/li>\n<li>2018 MIKULOV<\/li>\n<li>2018\u00a0BADATSONY<\/li>\n<li>2019 ZNOJMO<\/li>\n<li>2019 GYONGYOS<\/li>\n<\/ul>\n<p><em>WYCIECZKI DO WSI PARTNERSKICH:<\/em><\/p>\n<ul>\n<li>2014 SZENNA<\/li>\n<li>2015 SZENNA<\/li>\n<li>2016 SZENNA<\/li>\n<li>2017 ROZKOVANY<\/li>\n<li>2017 SZENNA<\/li>\n<li>2018 ROZKOVANY<\/li>\n<li>2018 SZENNA<\/li>\n<li>2019 ROZKOVANY<\/li>\n<li>2019 SZENNA<\/li>\n<\/ul>\n<p><object style=\"text-align: center;\" width=\"600\" height=\"400\" classid=\"clsid:d27cdb6e-ae6d-11cf-96b8-444553540000\" codebase=\"http:\/\/download.macromedia.com\/pub\/shockwave\/cabs\/flash\/swflash.cab#version=6,0,40,0\"><param name=\"flashvars\" value=\"host=picasaweb.google.com&amp;hl=pl&amp;feat=flashalbum&amp;RGB=0x000000&amp;feed=http%3A%2F%2Fpicasaweb.google.com%2Fdata%2Ffeed%2Fapi%2Fuser%2FKKPWieprz%2Falbumid%2F5390340340425182257%3Falt%3Drss%26kind%3Dphoto%26hl%3Dpl\" \/><param name=\"src\" value=\"http:\/\/picasaweb.google.com\/s\/c\/bin\/slideshow.swf\" \/><embed type=\"application\/x-shockwave-flash\" width=\"600\" height=\"400\" src=\"http:\/\/picasaweb.google.com\/s\/c\/bin\/slideshow.swf\" flashvars=\"host=picasaweb.google.com&amp;hl=pl&amp;feat=flashalbum&amp;RGB=0x000000&amp;feed=http%3A%2F%2Fpicasaweb.google.com%2Fdata%2Ffeed%2Fapi%2Fuser%2FKKPWieprz%2Falbumid%2F5390340340425182257%3Falt%3Drss%26kind%3Dphoto%26hl%3Dpl\" \/><\/object><\/p>\n","protected":false},"excerpt":{"rendered":"<p>KKP organizuje wyprawy bliskie i dalekie Oraz wycieczki na \u015bwi\u0119ta wina od pocz\u0105tku swego istnienia. Na wyjazdy mo\u017ce jecha\u0107 w\u0142a\u015bciwie ka\u017cdy ale s\u0105 grupy uprzywilejowane, kt\u00f3re maj\u0105 pierwsze\u0144stwo: 1. Prelegenci KKP z bie\u017c\u0105cego roku wraz z osob\u0105 towarzysz\u0105c\u0105. 2. Prelegenci KKP z lat poprzednich wraz z osob\u0105 towarzysz\u0105c\u0105. 3. Osoby kt\u00f3re szczeg\u00f3lnie si\u0119 zas\u0142u\u017cy\u0142y dla &hellip;<\/p>\n","protected":false},"author":1,"featured_media":0,"parent":0,"menu_order":0,"comment_status":"closed","ping_status":"closed","template":"","meta":{"_links_to":"","_links_to_target":""},"_links":{"self":[{"href":"http:\/\/www.kkp.wieprz.eu\/index.php?rest_route=\/wp\/v2\/pages\/194"}],"collection":[{"href":"http:\/\/www.kkp.wieprz.eu\/index.php?rest_route=\/wp\/v2\/pages"}],"about":[{"href":"http:\/\/www.kkp.wieprz.eu\/index.php?rest_route=\/wp\/v2\/types\/page"}],"author":[{"embeddable":true,"href":"http:\/\/www.kkp.wieprz.eu\/index.php?rest_route=\/wp\/v2\/users\/1"}],"replies":[{"embeddable":true,"href":"http:\/\/www.kkp.wieprz.eu\/index.php?rest_route=%2Fwp%2Fv2%2Fcomments&post=194"}],"version-history":[{"count":8,"href":"http:\/\/www.kkp.wieprz.eu\/index.php?rest_route=\/wp\/v2\/pages\/194\/revisions"}],"predecessor-version":[{"id":1447,"href":"http:\/\/www.kkp.wieprz.eu\/index.php?rest_route=\/wp\/v2\/pages\/194\/revisions\/1447"}],"wp:attachment":[{"href":"http:\/\/www.kkp.wieprz.eu\/index.php?rest_route=%2Fwp%2Fv2%2Fmedia&parent=194"}],"curies":[{"name":"wp","href":"https:\/\/api.w.org\/{rel}","templated":true}]}}