{"id":2,"date":"2008-10-25T19:07:33","date_gmt":"2008-10-25T17:07:33","guid":{"rendered":"http:\/\/www.kkp.wieprz.eu\/?page_id=2"},"modified":"2017-03-19T21:21:55","modified_gmt":"2017-03-19T19:21:55","slug":"about","status":"publish","type":"page","link":"http:\/\/www.kkp.wieprz.eu\/?page_id=2","title":{"rendered":"Prelegenci"},"content":{"rendered":"<p class=\"MsoNormal\"><em><strong>PRELEGENCI<\/strong><\/em><\/p>\n<p><img loading=\"lazy\" class=\"alignleft\" src=\"http:\/\/lh5.ggpht.com\/_XM8MqgvtaOU\/Ss5K91lzkqI\/AAAAAAAAA9Q\/nLV6R5SdSmk\/prelegenci%20fotki.jpg\" alt=\"\" width=\"237\" height=\"173\" \/>To dzi\u0119ki prelegentom oraz innym wolontariuszom, kt\u00f3rzy pomagaj\u0105 w przygotowaniu potraw i sali pod spotkania klubu, udaje si\u0119 stworzy\u0107 atmosfer\u0119 przygody i pozna\u0107 pi\u0119kno \u015bwiata.<\/p>\n<p>Klub dzia\u0142a nieprzerwanie, co miesi\u0105c organizuj\u0105c spotkania prezentuj\u0105ce r\u00f3\u017cne kraje oraz ich dorobek kulturalny.<\/p>\n<p>Podczas ka\u017cdego spotkania uczestnicy mog\u0105 obejrze\u0107 bardzo wiele zdj\u0119\u0107 wykonanych przez naszych prelegent\u00f3w, pos\u0142ucha\u0107 niezwyk\u0142ych historii zwi\u0105zanych z ich podr\u00f3\u017cami oraz spr\u00f3bowa\u0107 tamtejszej kuchni.<\/p>\n<p>Na ko\u0144cu ka\u017cdego spotkania mo\u017cna wygra\u0107 gad\u017cety, kt\u00f3re pochodz\u0105 z prezentowanego kraju. Zwykle s\u0105 to monety z danego kraju, zdarzaj\u0105 si\u0119 te\u017c zdj\u0119cia, bi\u017cuteria, figurki. By wygra\u0107 nale\u017cy uczestniczy\u0107 w quizie czyli odpowiedzie\u0107 na pytania z zakresu geografii, historii, j\u0119zyk\u00f3w obcych. Wszystkie odpowiedzi s\u0105 znane uczestnikom klubu gdy\u017c by\u0142y przekazywane w trakcie prelekcji. Osoba, kt\u00f3ra najszybciej podniesie r\u0119k\u0119 ma szans\u0119 odpowiedzie\u0107. Je\u017celi odpowied\u017a jest prawid\u0142owa otrzymuje nagrod\u0119.<\/p>\n<p><em><strong>PRELEGENCI &#8211; LUDZIE NIEZWYKLI:<\/strong><\/em><\/p>\n<p class=\"MsoNormal\"><strong>Bogu\u015b<\/strong> \u2013 taternik kt\u00f3ry kocha g\u00f3ry i ma du\u017cy dystans do \u017cycia.<img loading=\"lazy\" class=\"alignright\" src=\"http:\/\/lh3.ggpht.com\/_XM8MqgvtaOU\/Ss5RpGTkaKI\/AAAAAAAAA-Y\/mgBZVfCwqFo\/s512\/Kola%C5%BCe.jpg\" alt=\"\" width=\"155\" height=\"512\" \/><\/p>\n<p class=\"MsoNormal\"><strong>Jaros\u0142aw Gajek<\/strong> \u2013 pasjonat nurkowania i wielbiciel egzotycznych m\u00f3rz tropikalnych, specjalista od zakupu tanich bilet\u00f3w lotniczych na koniec \u015bwiata.<\/p>\n<p class=\"MsoNormal\"><strong>Marcin Gajek<\/strong>\u2013 pasjonat czeskiej literatury i filmu, wielbiciel win, podr\u00f3\u017cnik po Europie Zachodniej<\/p>\n<p class=\"MsoNormal\"><strong>Seweryn Ga\u0142ysz<\/strong> \u2013 uzale\u017cniony od podr\u00f3\u017cy i sp\u0119dzaj\u0105cy ka\u017cd\u0105 woln\u0105 chwil\u0119 na planowaniu wyjazd\u00f3w lub wyjazdach.<\/p>\n<p class=\"MsoNormal\"><strong>Urszula Ga\u0142ysz<\/strong> \u2013 podr\u00f3\u017cniczka po USA zwiedzi\u0142a 49 stan\u00f3w, by\u0142a na 5 kontynentach<\/p>\n<p class=\"MsoNormal\"><strong>Iwo Gurdek<\/strong> \u2013 pomimo m\u0142odego wieku wytrawny podr\u00f3\u017cnik kt\u00f3ry jest tak\u017ce najm\u0142odszym prelegentem KKP<\/p>\n<p class=\"MsoNormal\" style=\"line-height: 150%;\"><strong>Weronika Lasek<\/strong>&#8211; pilot wycieczek, ci\u0105gle w podr\u00f3\u017cy.<\/p>\n<p class=\"MsoNormal\" style=\"line-height: 150%;\"><strong>Anna \u0141aduniuk<\/strong> \u2013 dziennikarka ze \u015al\u0105ska kt\u00f3ra tak\u017ce uzale\u017cni\u0142o si\u0119 od podr\u00f3\u017cowania<\/p>\n<p class=\"MsoNormal\"><strong>Bo\u017cena Kotlarczyk<\/strong> \u2013 pasjonatka Etiopii i III \u015awiata w szczeg\u00f3lno\u015bci, zawsze u\u015bmiechni\u0119ta i pozytywna<\/p>\n<p class=\"MsoNormal\"><strong>Stanis\u0142aw Kolarczyk<\/strong> \u2013 podr\u00f3\u017cnik po wielu miejscach o kt\u00f3rych wielu si\u0119 nawet nie \u015bni\u0142o, dowcipny, jeden z g\u0142\u00f3wnych prelegent\u00f3w KKP oraz sta\u0142y uczestnik spotka\u0144.<\/p>\n<p class=\"MsoNormal\"><strong>Borys Niemczewski <\/strong>\u2013 zakochany w Ameryce \u0141aci\u0144skiej.<\/p>\n<p class=\"MsoNormal\"><strong>Jarek Nowak<\/strong> \u2013 przewodnik renomowanego biura podr\u00f3\u017cy o specjalizacji Indochiny i Papua. Jedna z najbardziej barwnych postaci jaka wyst\u0105pi\u0142a w klubie.<\/p>\n<p class=\"MsoNormal\"><strong>Zygmunt Nowak<\/strong> \u2013 \u015bwietny fotografik kt\u00f3ry z ka\u017cdego wyjazdu przywozi zdj\u0119cia arcydzie\u0142a.<\/p>\n<p class=\"MsoNormal\" style=\"line-height: 150%;\"><strong>Kasia Rogowiec<\/strong> \u2013 paraolimpijka i zdobywczyni Kilimand\u017caro, osoba wielce serdeczna.<\/p>\n<p class=\"MsoNormal\" style=\"line-height: 150%;\"><strong>Anna Skowron<\/strong> \u2013 debiutantka w podr\u00f3\u017cach ale ju\u017c widzia\u0142a mas\u0119 niezwyk\u0142ych miejsc.<\/p>\n<p class=\"MsoNormal\" style=\"line-height: 150%;\"><strong>Kazimierz Skowron<\/strong> \u2013Pasjonat podr\u00f3\u017cy, geograf i anglista<\/p>\n<p class=\"MsoNormal\" style=\"line-height: 150%;\"><strong>Jan Sopocki <\/strong>\u2013 misjonarz z Brazylii kt\u00f3ry po 20 latach pobytu w d\u017cungli nad Amazonk\u0105 traktuje Brazyli\u0119 jak sw\u00f3j dom.<\/p>\n<p><img loading=\"lazy\" class=\"alignright\" src=\"http:\/\/lh6.ggpht.com\/_XM8MqgvtaOU\/Ss5SjiJJvXI\/AAAAAAAAA-U\/AnjemEqbJ2M\/s512\/Kolaze2.jpg\" alt=\"\" width=\"157\" height=\"512\" \/><\/p>\n<p class=\"MsoNormal\" style=\"line-height: 150%;\"><strong>Ewa Szcze\u015bniak <\/strong>\u2013 himalaistka kt\u00f3ra ci\u0105gle je\u017adzi w najwi\u0119ksze g\u00f3ry \u015bwiata, pokazuje zdj\u0119cia z miejsc w kt\u00f3re zwykli ludzie nie dali by rady wej\u015b\u0107.<\/p>\n<p class=\"MsoNormal\"><strong>Marysia Wis\u0142ocka<\/strong> \u2013 pasjonatka Nowej Zelandii kt\u00f3r\u0105 przejecha\u0142a sama, w\u0142a\u015bcicielka francuskiego pieska kt\u00f3ry przyjmuje komendy tylko po francusku.<\/p>\n<p class=\"MsoNormal\"><strong> Magdalena Zawodny<\/strong> \u2013 specjalistka do spraw Indii w kt\u00f3rych mieszka\u0142a przez d\u0142ugi czas.<\/p>\n<p class=\"MsoNormal\"><strong>Anna Najbor <\/strong>&#8211; polonistka, prelegentka na spotkaniu o Izraelu<\/p>\n<p class=\"MsoNormal\"><strong>Magda Pawlak <\/strong>&#8211; kocha g\u00f3ry, wielokrotnie kr\u0105\u017cy6\u0142a w Himalajach i Tybecie. Ostatnio szykowa\u0142a si\u0119 do wyjazdu do Patagonii by zdobywa\u0107 lodowce i szczyty Ameryki Po\u0142udniowej.<\/p>\n<p class=\"MsoNormal\"><strong>Borys Niemczewski <\/strong>\u2013 uzale\u017cniony od przemieszczania si\u0119. Ma jedn\u0105 zasad\u0119 w podr\u00f3\u017cach: \u201eIm dalej tym lepiej\u201d. Podr\u00f3\u017cowa\u0142 po Azji, Ameryce \u0141aci\u0144skiej. Jego ulubionym miejscem s\u0105 malutkie wysepki Karaib\u00f3w \u2013 bia\u0142y piasek z wymiarami dwa na dwa z jedn\u0105 palm\u0105 a dooko\u0142a turkusowa woda.<\/p>\n<p class=\"MsoNormal\"><strong>Edward Rys <\/strong>\u2013 Krakus kt\u00f3ry zaprzyja\u017ani\u0142 si\u0119 w okresie \u015bwi\u0105t z mieszka\u0144cami Maroka.<\/p>\n<p class=\"MsoNormal\"><strong>Weronika Lasek <\/strong>&#8211; mieszkanka Wadowic. Podr\u00f3\u017cuje zawodowo jak i dla przyjemno\u015bci. Oczarowa\u0142a klubowicz\u00f3w prezentacj\u0105 o Syrii.<\/p>\n<p class=\"MsoNormal\"><strong>Agnieszka Matusiak i Ryszard Antonik <\/strong>\u2013 team globtroter\u00f3w kt\u00f3rzy dostaj\u0105 si\u0119 do miejsc gdzie o turystyce nikt nie s\u0142ysza\u0142. Dzikie g\u00f3ry Pamiru, granica z Afganistanem nie jest straszna gdy ma si\u0119 dobry \u015bpiw\u00f3r i troch\u0119 do\u015bwiadczenia \u017cyciowego.<\/p>\n<p class=\"MsoNormal\"><strong>Wojtek Zaborowski i Agnieszka Ko\u0142acz <\/strong> \u2013 s\u0105siedzi z pod Andrychowa kt\u00f3rzy nie tylko muzykuj\u0105 i ta\u0144cz\u0105 ale tak\u017ce podr\u00f3\u017cuj\u0105. W ich podr\u00f3\u017cach dotarli\u015bmy do Albanii.<\/p>\n<p class=\"MsoNormal\"><strong>Marek Ma\u0142ysa <\/strong>\u2013 nauczyciel z Andrychowa. Wielki pasjonat W\u0142och i \u015brodkowej Europy. Po\u0142aczy\u0142 histori\u0119 z podr\u00f3\u017cami, zachwycaj\u0105c uczestnik\u00f3w prezentacj\u0105 o Rzymie..<\/p>\n<p class=\"MsoNormal\"><strong>Dorota Wr\u00f3bel <\/strong>\u2013 prelegentka o Malcie, pasjonatka nordic-walkingu.<\/p>\n<p class=\"MsoNormal\"><strong>Andrasz Kalomista <\/strong>&#8211; rodowity W\u0119gier kt\u00f3ry nauczy\u0142 si\u0119 polskiego i polubi\u0142 nasz kraj. Dla potrzeb klubu przestudiowa\u0142 ca\u0142\u0105 histori\u0119 swojego kraju by opowiedzie\u0107 nam o wsp\u00f3lnych w\u0105tkach narod\u00f3w w\u0119gierskiego jak i polskiego.<\/p>\n<p class=\"MsoNormal\"><strong>Zbyszek Ga\u0142\u0119za <\/strong> &#8211; student geografii, przejecha\u0142 na rowerze Sudan w czasie wojny domowej. Zwiedzi\u0142 tak\u017ce Bliski Wsch\u00f3d. Zbyszka pozna\u0142em na oddziale chor\u00f3b tropikalnych w Krakowie gdy wsp\u00f3lnie byli\u015bmy diagnozowani na dziwne choroby.<\/p>\n<p class=\"MsoNormal\"><strong>Arkadiusz Milcarz <\/strong> \u2013 cz\u0142owiek kt\u00f3ry podr\u00f3\u017cowa\u0142 autostopem po Afryce, siedzia\u0142 w wi\u0119zieniu w Czadzie, przedziera\u0142 si\u0119 przez d\u017cungle Ekwadoru i brata\u0142 si\u0119 z Indianami.<\/p>\n<p><strong>Daniel Ma\u0142ajowicz<\/strong> \u2013 Jachtostopowicz kt\u00f3ry przedosta\u0142 si\u0119 na Karaiby i tam otworzy\u0142 piekarni\u0119. Cz\u0142owiek o wielkiej fantazji i zmy\u015ble survivalu<\/p>\n<p><strong>Marcin Oba\u0142ek<\/strong> \u2013 pasjonat polskiej motoryzacji, traktorem URSUS przejecha\u0142 Ameryk\u0119 Po\u0142udniow\u0105 a maluchem \u015brodek Australii. Obecnie zmierza retro URSUSEM do Etiopii.<\/p>\n<p><strong>Ewa Nikolin<\/strong> \u2013 osoba o wielkim sercu kt\u00f3ra jako wolontariuszka piel\u0119gniarka w ka\u017cdej wolnej pomaga chorym w Afryce. Samotnie podr\u00f3\u017cuje bo najbiedniejszym kontynencie od dekad. Pasjonatko pusty\u0144.<\/p>\n<p><strong>Leszek Cichy<\/strong> \u2013 cz\u0142owiek legenda, pierwszy zimowy zdobywca Mount Everestu, cz\u0142owiek kt\u00f3ry kocha i rozumie g\u00f3ry jak nikt inny.<\/p>\n<p><strong>Natalia Mo\u0142dawska<\/strong> \u2013 lekarka kt\u00f3ra pomaga w egzotycznych krajach chorym pacjentom a w czasie wolnym wyrusza w te miejsca gdzie jeszcze nie leczy\u0142a tubylc\u00f3w. .<\/p>\n<p><strong>Tomasz Nowak<\/strong> \u2013 podr\u00f3\u017cnik kt\u00f3ry\u00a0wraz z rodzin\u0105\u00a0 zasymilowa\u0142 si\u0119 w KKP. Opowiada\u0142 o Afryce i perypetiach spania w buszu po\u015br\u00f3d dzikich zwierz\u0105t.<\/p>\n<p><strong>Alan Mazur<\/strong> \u2013 kolekcjoner meteoryt\u00f3w po kt\u00f3re zwykle wyrusza na pustynie gdzie je naj\u0142atwiej znale\u017a\u0107. Wielki pasjonat wina kt\u00f3ry zajmuje si\u0119 zak\u0142adaniem winnic.<\/p>\n<p><strong>Bart\u0142omiej Kiraga<\/strong> \u2013 podr\u00f3\u017cnik co autostopem przejecha\u0142 ca\u0142\u0105 Afryk\u0119 Zachodni\u0105 pomimo malarii i zatru\u0107 \u017co\u0142\u0105dkowych. Zachwyca wyszukanym s\u0142ownictwem jak i niezwyk\u0142ymi perypetiami.<\/p>\n<p>&nbsp;<\/p>\n","protected":false},"excerpt":{"rendered":"<p>PRELEGENCI To dzi\u0119ki prelegentom oraz innym wolontariuszom, kt\u00f3rzy pomagaj\u0105 w przygotowaniu potraw i sali pod spotkania klubu, udaje si\u0119 stworzy\u0107 atmosfer\u0119 przygody i pozna\u0107 pi\u0119kno \u015bwiata. Klub dzia\u0142a nieprzerwanie, co miesi\u0105c organizuj\u0105c spotkania prezentuj\u0105ce r\u00f3\u017cne kraje oraz ich dorobek kulturalny. Podczas ka\u017cdego spotkania uczestnicy mog\u0105 obejrze\u0107 bardzo wiele zdj\u0119\u0107 wykonanych przez naszych prelegent\u00f3w, pos\u0142ucha\u0107 niezwyk\u0142ych &hellip;<\/p>\n","protected":false},"author":1,"featured_media":0,"parent":0,"menu_order":0,"comment_status":"closed","ping_status":"closed","template":"","meta":{"_links_to":"","_links_to_target":""},"_links":{"self":[{"href":"http:\/\/www.kkp.wieprz.eu\/index.php?rest_route=\/wp\/v2\/pages\/2"}],"collection":[{"href":"http:\/\/www.kkp.wieprz.eu\/index.php?rest_route=\/wp\/v2\/pages"}],"about":[{"href":"http:\/\/www.kkp.wieprz.eu\/index.php?rest_route=\/wp\/v2\/types\/page"}],"author":[{"embeddable":true,"href":"http:\/\/www.kkp.wieprz.eu\/index.php?rest_route=\/wp\/v2\/users\/1"}],"replies":[{"embeddable":true,"href":"http:\/\/www.kkp.wieprz.eu\/index.php?rest_route=%2Fwp%2Fv2%2Fcomments&post=2"}],"version-history":[{"count":27,"href":"http:\/\/www.kkp.wieprz.eu\/index.php?rest_route=\/wp\/v2\/pages\/2\/revisions"}],"predecessor-version":[{"id":1243,"href":"http:\/\/www.kkp.wieprz.eu\/index.php?rest_route=\/wp\/v2\/pages\/2\/revisions\/1243"}],"wp:attachment":[{"href":"http:\/\/www.kkp.wieprz.eu\/index.php?rest_route=%2Fwp%2Fv2%2Fmedia&parent=2"}],"curies":[{"name":"wp","href":"https:\/\/api.w.org\/{rel}","templated":true}]}}