{"id":689,"date":"2012-07-28T15:47:48","date_gmt":"2012-07-28T13:47:48","guid":{"rendered":"http:\/\/www.kkp.wieprz.eu\/?page_id=689"},"modified":"2017-02-05T14:35:45","modified_gmt":"2017-02-05T12:35:45","slug":"dojazd","status":"publish","type":"page","link":"http:\/\/www.kkp.wieprz.eu\/?page_id=689","title":{"rendered":"Dojazd"},"content":{"rendered":"<p>Spotkania Klubu Kulinarnego Podr\u00f3\u017cnika odbywaj\u0105 si\u0119 w budynku dawnej &#8220;Agronom\u00f3wki&#8221;. Jest on zlokalizowany za Urz\u0119dem\u00a0Gminy Wieprz na przeciwko budynku OSP Wieprz.<\/p>\n<p><strong><img loading=\"lazy\" class=\"wp-image-1162 aligncenter\" src=\"http:\/\/www.kkp.wieprz.eu\/wp-content\/uploads\/2012\/07\/agronom\u00f3wka-300x174.png\" width=\"433\" height=\"251\" srcset=\"http:\/\/www.kkp.wieprz.eu\/wp-content\/uploads\/2012\/07\/agronom\u00f3wka-300x174.png 300w, http:\/\/www.kkp.wieprz.eu\/wp-content\/uploads\/2012\/07\/agronom\u00f3wka-768x445.png 768w, http:\/\/www.kkp.wieprz.eu\/wp-content\/uploads\/2012\/07\/agronom\u00f3wka-1024x593.png 1024w, http:\/\/www.kkp.wieprz.eu\/wp-content\/uploads\/2012\/07\/agronom\u00f3wka.png 1268w\" sizes=\"(max-width: 433px) 100vw, 433px\" \/><br \/>\nAdres<\/strong>: Centralna 9 Wieprz\u00a0(Budynek GBP) I pi\u0119tro<\/p>\n<p><strong>Wsp\u00f3\u0142rz\u0119dne<\/strong>:\u00a049.891033, 19.358853<\/p>\n<p><small><br \/>\n<img loading=\"lazy\" class=\"aligncenter wp-image-1161\" src=\"http:\/\/www.kkp.wieprz.eu\/wp-content\/uploads\/2012\/07\/centrum.png\" width=\"616\" height=\"600\" srcset=\"http:\/\/www.kkp.wieprz.eu\/wp-content\/uploads\/2012\/07\/centrum.png 836w, http:\/\/www.kkp.wieprz.eu\/wp-content\/uploads\/2012\/07\/centrum-300x292.png 300w, http:\/\/www.kkp.wieprz.eu\/wp-content\/uploads\/2012\/07\/centrum-768x748.png 768w\" sizes=\"(max-width: 616px) 100vw, 616px\" \/><\/small><\/p>\n","protected":false},"excerpt":{"rendered":"<p>Spotkania Klubu Kulinarnego Podr\u00f3\u017cnika odbywaj\u0105 si\u0119 w budynku dawnej &#8220;Agronom\u00f3wki&#8221;. Jest on zlokalizowany za Urz\u0119dem\u00a0Gminy Wieprz na przeciwko budynku OSP Wieprz. Adres: Centralna 9 Wieprz\u00a0(Budynek GBP) I pi\u0119tro Wsp\u00f3\u0142rz\u0119dne:\u00a049.891033, 19.358853<\/p>\n","protected":false},"author":1,"featured_media":0,"parent":0,"menu_order":0,"comment_status":"open","ping_status":"open","template":"","meta":{"_links_to":"","_links_to_target":""},"_links":{"self":[{"href":"http:\/\/www.kkp.wieprz.eu\/index.php?rest_route=\/wp\/v2\/pages\/689"}],"collection":[{"href":"http:\/\/www.kkp.wieprz.eu\/index.php?rest_route=\/wp\/v2\/pages"}],"about":[{"href":"http:\/\/www.kkp.wieprz.eu\/index.php?rest_route=\/wp\/v2\/types\/page"}],"author":[{"embeddable":true,"href":"http:\/\/www.kkp.wieprz.eu\/index.php?rest_route=\/wp\/v2\/users\/1"}],"replies":[{"embeddable":true,"href":"http:\/\/www.kkp.wieprz.eu\/index.php?rest_route=%2Fwp%2Fv2%2Fcomments&post=689"}],"version-history":[{"count":15,"href":"http:\/\/www.kkp.wieprz.eu\/index.php?rest_route=\/wp\/v2\/pages\/689\/revisions"}],"predecessor-version":[{"id":1170,"href":"http:\/\/www.kkp.wieprz.eu\/index.php?rest_route=\/wp\/v2\/pages\/689\/revisions\/1170"}],"wp:attachment":[{"href":"http:\/\/www.kkp.wieprz.eu\/index.php?rest_route=%2Fwp%2Fv2%2Fmedia&parent=689"}],"curies":[{"name":"wp","href":"https:\/\/api.w.org\/{rel}","templated":true}]}}